{"id":1286,"date":"2025-02-04T14:45:14","date_gmt":"2025-02-04T14:45:14","guid":{"rendered":"http:\/\/localhost:8081\/maya\/?page_id=1286"},"modified":"2025-08-08T14:09:00","modified_gmt":"2025-08-08T14:09:00","slug":"calendar","status":"publish","type":"page","link":"https:\/\/astronagual.com\/index.php\/calendar\/","title":{"rendered":"Calendar"},"content":{"rendered":"\t\t<div data-elementor-type=\"wp-post\" data-elementor-id=\"1286\" class=\"elementor elementor-1286\">\n\t\t\t\t<div class=\"elementor-element elementor-element-48daeb4 e-flex e-con-boxed e-con e-parent\" data-id=\"48daeb4\" data-element_type=\"container\">\n\t\t\t\t\t<div class=\"e-con-inner\">\n\t\t\t\t<div class=\"elementor-element elementor-element-6465310 elementor-widget elementor-widget-heading\" data-id=\"6465310\" data-element_type=\"widget\" data-widget_type=\"heading.default\">\n\t\t\t\t<div class=\"elementor-widget-container\">\n\t\t\t\t\t<h1 class=\"elementor-heading-title elementor-size-default\">Mayan Cross Calendar<\/h1>\t\t\t\t<\/div>\n\t\t\t\t<\/div>\n\t\t\t\t\t<\/div>\n\t\t\t\t<\/div>\n\t\t<div class=\"elementor-element elementor-element-4247c0d e-con-full e-flex e-con e-parent\" data-id=\"4247c0d\" data-element_type=\"container\">\n\t\t\t\t<div class=\"elementor-element elementor-element-3b91d10 elementor-widget-mobile__width-inherit elementor-absolute elementor-widget elementor-widget-shortcode\" data-id=\"3b91d10\" data-element_type=\"widget\" data-settings=\"{&quot;_position&quot;:&quot;absolute&quot;,&quot;_animation_mobile&quot;:&quot;none&quot;}\" data-widget_type=\"shortcode.default\">\n\t\t\t\t<div class=\"elementor-widget-container\">\n\t\t\t\t\t\t\t<div class=\"elementor-shortcode\">\n<div class=\"mayancross-container\">\n    <div class=\"title\">\n        <h1 id=\"title\" class=\"contoured-text\"> \n            <span id=\"titleHead\">Mayan Cross<\/span> \n            <span id=\"datetag\">dd\/mm\/yyyy<\/span>\n        <\/h1>\n        <div class=\"date-selector\">\n            <input type=\"date\" id=\"dateInput\" lang=\"ro\">\n            <button class=\"myButton\" onclick=\"renderCurrentDay()\">Reset<\/button>\n            <button class=\"myButton\" id=\"viewCalendar\" onclick=\"switchWindow()\">Calendar<\/button> \n        <\/div>\n    <\/div>\n\n    <div class=\"windowDiv\" id=\"cruce\">\n        <div class=\"mayaDate\" id=\"mayaDate\"><\/div>\n        \n        <div class=\"grid-container\">\n                            <!-- Afi\u0219\u0103m doar celulele \u00een form\u0103 de plus c\u00e2nd userul NU este logat -->\n                <div class=\"grid-item rien\"><\/div>\n                <div class=\"grid-item rien\"><\/div>\n                <div class=\"grid-item\" id=\"cell-1-2\"><\/div>\n                <div class=\"grid-item rien\"><\/div>\n                <div class=\"grid-item rien\"><\/div>\n                <div class=\"grid-item rien\"><\/div> <!-- Sus -->\n                <div class=\"grid-item\" id=\"cell-2-1\"><\/div><!-- St\u00e2nga -->\n                <div class=\"grid-item\" id=\"cell-2-2\"><\/div><!-- Mijloc -->\n                <div class=\"grid-item\" id=\"cell-2-3\"><\/div><!-- Dreapta -->\n                <div class=\"grid-item rien\"><\/div>\n                <div class=\"grid-item rien\"><\/div>\n                <div class=\"grid-item rien\"><\/div>   \n                <div class=\"grid-item\" id=\"cell-3-2\"><\/div><!-- Jos -->\n                <div class=\"grid-item rien\"><\/div>\n                <div class=\"grid-item rien\"><\/div>\n                \n                        \n        <\/div>\n    \n     \n                   <p class=\"subscriber-message-cross\">To find out more details you'll need to become a member. <a href=\"maya\/membership-levels\" class=\"login-link\">Sign in to find out more.<\/a><\/p>\n               \n        <!-- <div class=\"footer \"><span class=\"contoured-text\">Copyright 2024 Olga Sprimont<\/span><\/div> -->\n    <\/div>\n\n\n    <div class=\"windowDiv\" id=\"calendar\">\n            \n               <p class=\"subscriber-message-cross\">This content is available only for subscribers. <a href=\"maya\/membership-levels\" class=\"login-link\">Sign in to find out more.<\/a><\/p>\n        \n<\/div>\n\n<\/div>\n\t\t\t\t\t\t<\/div>\n\t\t\t\t<\/div>\n\t\t\t\t<\/div>\n\t\t\t\t<\/div>\n\t\t","protected":false},"excerpt":{"rendered":"<p>Mayan Cross Calendar<\/p>\n","protected":false},"author":1,"featured_media":0,"parent":0,"menu_order":0,"comment_status":"closed","ping_status":"closed","template":"","meta":{"pmpro_default_level":"","ocean_post_layout":"full-screen","ocean_both_sidebars_style":"","ocean_both_sidebars_content_width":0,"ocean_both_sidebars_sidebars_width":0,"ocean_sidebar":"","ocean_second_sidebar":"","ocean_disable_margins":"on","ocean_add_body_class":"","ocean_shortcode_before_top_bar":"","ocean_shortcode_after_top_bar":"","ocean_shortcode_before_header":"","ocean_shortcode_after_header":"","ocean_has_shortcode":"","ocean_shortcode_after_title":"","ocean_shortcode_before_footer_widgets":"","ocean_shortcode_after_footer_widgets":"","ocean_shortcode_before_footer_bottom":"","ocean_shortcode_after_footer_bottom":"","ocean_display_top_bar":"default","ocean_display_header":"default","ocean_header_style":"","ocean_center_header_left_menu":"","ocean_custom_header_template":"","ocean_custom_logo":0,"ocean_custom_retina_logo":0,"ocean_custom_logo_max_width":0,"ocean_custom_logo_tablet_max_width":0,"ocean_custom_logo_mobile_max_width":0,"ocean_custom_logo_max_height":0,"ocean_custom_logo_tablet_max_height":0,"ocean_custom_logo_mobile_max_height":0,"ocean_header_custom_menu":"","ocean_menu_typo_font_family":"","ocean_menu_typo_font_subset":"","ocean_menu_typo_font_size":0,"ocean_menu_typo_font_size_tablet":0,"ocean_menu_typo_font_size_mobile":0,"ocean_menu_typo_font_size_unit":"px","ocean_menu_typo_font_weight":"","ocean_menu_typo_font_weight_tablet":"","ocean_menu_typo_font_weight_mobile":"","ocean_menu_typo_transform":"","ocean_menu_typo_transform_tablet":"","ocean_menu_typo_transform_mobile":"","ocean_menu_typo_line_height":0,"ocean_menu_typo_line_height_tablet":0,"ocean_menu_typo_line_height_mobile":0,"ocean_menu_typo_line_height_unit":"","ocean_menu_typo_spacing":0,"ocean_menu_typo_spacing_tablet":0,"ocean_menu_typo_spacing_mobile":0,"ocean_menu_typo_spacing_unit":"","ocean_menu_link_color":"","ocean_menu_link_color_hover":"","ocean_menu_link_color_active":"","ocean_menu_link_background":"","ocean_menu_link_hover_background":"","ocean_menu_link_active_background":"","ocean_menu_social_links_bg":"","ocean_menu_social_hover_links_bg":"","ocean_menu_social_links_color":"","ocean_menu_social_hover_links_color":"","ocean_disable_title":"on","ocean_disable_heading":"default","ocean_post_title":"","ocean_post_subheading":"","ocean_post_title_style":"","ocean_post_title_background_color":"","ocean_post_title_background":0,"ocean_post_title_bg_image_position":"","ocean_post_title_bg_image_attachment":"","ocean_post_title_bg_image_repeat":"","ocean_post_title_bg_image_size":"","ocean_post_title_height":0,"ocean_post_title_bg_overlay":0.5,"ocean_post_title_bg_overlay_color":"","ocean_disable_breadcrumbs":"default","ocean_breadcrumbs_color":"","ocean_breadcrumbs_separator_color":"","ocean_breadcrumbs_links_color":"","ocean_breadcrumbs_links_hover_color":"","ocean_display_footer_widgets":"default","ocean_display_footer_bottom":"default","ocean_custom_footer_template":"","_themeisle_gutenberg_block_has_review":false,"footnotes":""},"class_list":["post-1286","page","type-page","status-publish","hentry","pmpro-has-access","entry"],"_links":{"self":[{"href":"https:\/\/astronagual.com\/index.php\/wp-json\/wp\/v2\/pages\/1286","targetHints":{"allow":["GET"]}}],"collection":[{"href":"https:\/\/astronagual.com\/index.php\/wp-json\/wp\/v2\/pages"}],"about":[{"href":"https:\/\/astronagual.com\/index.php\/wp-json\/wp\/v2\/types\/page"}],"author":[{"embeddable":true,"href":"https:\/\/astronagual.com\/index.php\/wp-json\/wp\/v2\/users\/1"}],"replies":[{"embeddable":true,"href":"https:\/\/astronagual.com\/index.php\/wp-json\/wp\/v2\/comments?post=1286"}],"version-history":[{"count":67,"href":"https:\/\/astronagual.com\/index.php\/wp-json\/wp\/v2\/pages\/1286\/revisions"}],"predecessor-version":[{"id":1829,"href":"https:\/\/astronagual.com\/index.php\/wp-json\/wp\/v2\/pages\/1286\/revisions\/1829"}],"wp:attachment":[{"href":"https:\/\/astronagual.com\/index.php\/wp-json\/wp\/v2\/media?parent=1286"}],"curies":[{"name":"wp","href":"https:\/\/api.w.org\/{rel}","templated":true}]}}